{"id":161365,"date":"2021-03-10T16:43:13","date_gmt":"2021-03-10T15:43:13","guid":{"rendered":"https:\/\/flarm.com\/abonnement-verwalten\/"},"modified":"2021-04-28T11:28:27","modified_gmt":"2021-04-28T09:28:27","slug":"abonnement","status":"publish","type":"page","link":"https:\/\/shop.flarm.com\/de\/abonnement\/","title":{"rendered":"Abonnement"},"content":{"rendered":"<h3>Newsletter<\/h3>\n<p>Markieren Sie die Checkboxen f\u00fcr die Sprachen, in denen Sie unseren Newsletter erhalten m\u00f6chten. Der Newsletter enth\u00e4lt wichtige Informationen \u00fcber Firmware-Updates und andere \u00c4nderungen.<\/p>\n<p>[mailpoet_manage_subscription]<\/p>\n","protected":false},"excerpt":{"rendered":"<p>Newsletter Markieren Sie die Checkboxen f\u00fcr die Sprachen, in denen Sie unseren Newsletter erhalten m\u00f6chten. Der Newsletter enth\u00e4lt wichtige Informationen \u00fcber Firmware-Updates und andere \u00c4nderungen. [mailpoet_manage_subscription]<\/p>\n","protected":false},"author":3195,"featured_media":137721,"parent":0,"menu_order":0,"comment_status":"closed","ping_status":"closed","template":"","meta":[],"acf":[],"_links":{"self":[{"href":"https:\/\/shop.flarm.com\/de\/wp-json\/wp\/v2\/pages\/161365"}],"collection":[{"href":"https:\/\/shop.flarm.com\/de\/wp-json\/wp\/v2\/pages"}],"about":[{"href":"https:\/\/shop.flarm.com\/de\/wp-json\/wp\/v2\/types\/page"}],"author":[{"embeddable":true,"href":"https:\/\/shop.flarm.com\/de\/wp-json\/wp\/v2\/users\/3195"}],"replies":[{"embeddable":true,"href":"https:\/\/shop.flarm.com\/de\/wp-json\/wp\/v2\/comments?post=161365"}],"version-history":[{"count":2,"href":"https:\/\/shop.flarm.com\/de\/wp-json\/wp\/v2\/pages\/161365\/revisions"}],"predecessor-version":[{"id":161451,"href":"https:\/\/shop.flarm.com\/de\/wp-json\/wp\/v2\/pages\/161365\/revisions\/161451"}],"wp:featuredmedia":[{"embeddable":true,"href":"https:\/\/shop.flarm.com\/de\/wp-json\/wp\/v2\/media\/137721"}],"wp:attachment":[{"href":"https:\/\/shop.flarm.com\/de\/wp-json\/wp\/v2\/media?parent=161365"}],"curies":[{"name":"wp","href":"https:\/\/api.w.org\/{rel}","templated":true}]}}