{"id":167218,"date":"2022-01-27T09:11:16","date_gmt":"2022-01-27T08:11:16","guid":{"rendered":"https:\/\/flarm.com\/registrierung\/"},"modified":"2022-01-27T09:11:16","modified_gmt":"2022-01-27T08:11:16","slug":"registrierung","status":"publish","type":"page","link":"https:\/\/shop.flarm.com\/de\/registrierung\/","title":{"rendered":"Registrierung"},"content":{"rendered":"<p>F\u00fcllen Sie das folgende Formular aus, um ein Konto zu er\u00f6ffnen. So k\u00f6nnen Sie Hindernisdatenbanken und Funktionslizenzen erwerben und verwalten sowie Ihre FLARM-Ger\u00e4te verwalten. Wir nehmen den Datenschutz Ihrer Daten ernst und Sie finden unsere Datenschutzrichtlinie\u00a0<a href=\"https:\/\/shop.flarm.com\/about-us\/privacy-policy\/\" rel=\"noopener\">hier<\/a>.<\/p>\n<\/p>\n<p>        <form enctype=\"multipart\/form-data\" method=\"post\" id=\"wppb-register-user\" class=\"wppb-user-forms wppb-register-user wppb-user-logged-out\" action=\"https:\/\/shop.flarm.com\/de\/wp-json\/wp\/v2\/pages\/167218\">\n\t\t\t<ul><li class=\"wppb-form-field wppb-default-name-heading\" id=\"wppb-form-element-1\"><h4>Name<\/h4><span class=\"wppb-description-delimiter \"><\/span><\/li><li class=\"wppb-form-field wppb-default-first-name\" id=\"wppb-form-element-3\">\n\t\t\t<label for=\"first_name\">First Name<span class=\"wppb-required\" title=\"Dieses Feld ist erforderlich\">*<\/span><\/label>\n\t\t\t<input class=\"text-input default_field_firstname \" name=\"first_name\" maxlength=\"70\" type=\"text\" id=\"first_name\" value=\"\"  \/><\/li><li class=\"wppb-form-field wppb-default-last-name\" id=\"wppb-form-element-4\">\n\t\t\t<label for=\"last_name\">Last Name<span class=\"wppb-required\" title=\"Dieses Feld ist erforderlich\">*<\/span><\/label>\n\t\t\t<input class=\"text-input default_field_lastname \" name=\"last_name\" maxlength=\"70\" type=\"text\" id=\"last_name\" value=\"\" \/><\/li><li class=\"wppb-form-field wppb-default-contact-info-heading\" id=\"wppb-form-element-7\"><h4>Contact Info<\/h4><span class=\"wppb-description-delimiter \"><\/span><\/li><li class=\"wppb-form-field wppb-default-e-mail\" id=\"wppb-form-element-8\">\n\t\t\t<label for=\"email\">E-mail<span class=\"wppb-required\" title=\"Dieses Feld ist erforderlich\">*<\/span><\/label>\n\t\t\t<input class=\"text-input default_field_email \" name=\"email\" maxlength=\"70\" type=\"email\" id=\"email\" value=\"\"   \/><\/li><li class=\"wppb-form-field wppb-default-password\" id=\"wppb-form-element-12\">\n\t\t\t<label for=\"passw1\">Password<span class=\"wppb-required\" title=\"Dieses Feld ist erforderlich\">*<\/span><\/label>\n\t\t\t<input class=\"text-input \" name=\"passw1\" maxlength=\"70\" type=\"password\" id=\"passw1\" value=\"\" autocomplete=\"off\" \/><span class=\"wppb-description-delimiter\">Minimum length of 8 characters. <br>Das Passwort muss eine Mindestst\u00e4rke von Medium haben<\/span><span id=\"pass-strength-result\">St\u00e4rkeanzeige<\/span>\n        <input type=\"hidden\" value=\"\" name=\"wppb_password_strength\" id=\"wppb_password_strength\"\/><\/li><li class=\"wppb-form-field wppb-default-repeat-password\" id=\"wppb-form-element-13\">\n\t\t\t<label for=\"passw2\">Repeat Password<span class=\"wppb-required\" title=\"Dieses Feld ist erforderlich\">*<\/span><\/label>\n\t\t\t<input class=\"text-input \" name=\"passw2\" maxlength=\"70\" type=\"password\" id=\"passw2\" value=\"\" autocomplete=\"off\" \/><\/li><li class=\"wppb-form-field wppb-default-about-yourself-heading\" id=\"wppb-form-element-14\"><h4>Password<\/h4><span class=\"wppb-description-delimiter \"><\/span><\/li><li class=\"wppb-form-field wppb-flarm-captcha\" id=\"wppb-form-element-captcha\"><label>Captcha<span class=\"wppb-required\" title=\"Dieses Feld ist erforderlich\">*<\/span><\/label><div class=\"g-recaptcha\" data-sitekey=\"6LeaXb0qAAAAAEuI12KhuzXnivhYqFSZmajS7glJ\" data-theme=\"light\"><\/div><\/li><\/ul><ul><\/ul>\t\t\t<p class=\"form-submit\"  >\n\t\t\t\t                \t\t\t\t<input name=\"register\" type=\"submit\" id=\"register\" class=\"submit button\" value=\"Anmelden\" \/>\n                <input name=\"redirect_to\" type=\"hidden\" value=\"\" \/>\n                \t\t\t\t<input name=\"action\" type=\"hidden\" id=\"action\" value=\"register\" \/>\n\t\t\t\t<input name=\"form_name\" type=\"hidden\" id=\"form_name\" value=\"unspecified\" \/>\n\t\t\t\t<input name=\"form_id\" type=\"hidden\" id=\"form_id\" value=\"\" \/>\n\t\t\t\t\t\t\t<\/p><!-- .form-submit -->\n\t\t\t<input type=\"hidden\" id=\"register_unspecified_nonce_field\" name=\"register_unspecified_nonce_field\" value=\"c5bbbe7d80\" \/><input type=\"hidden\" name=\"_wp_http_referer\" value=\"\/de\/wp-json\/wp\/v2\/pages\/167218\" \/>\t\t<\/form>\n\t\t<\/p>\n<p>\n","protected":false},"excerpt":{"rendered":"<p>F\u00fcllen Sie das folgende Formular aus, um ein Konto zu er\u00f6ffnen. So k\u00f6nnen Sie Hindernisdatenbanken und Funktionslizenzen erwerben und verwalten sowie Ihre FLARM-Ger\u00e4te verwalten. Wir nehmen den Datenschutz Ihrer Daten ernst und Sie finden unsere Datenschutzrichtlinie\u00a0hier.<\/p>\n","protected":false},"author":3,"featured_media":885,"parent":0,"menu_order":0,"comment_status":"closed","ping_status":"closed","template":"","meta":[],"acf":[],"_links":{"self":[{"href":"https:\/\/shop.flarm.com\/de\/wp-json\/wp\/v2\/pages\/167218"}],"collection":[{"href":"https:\/\/shop.flarm.com\/de\/wp-json\/wp\/v2\/pages"}],"about":[{"href":"https:\/\/shop.flarm.com\/de\/wp-json\/wp\/v2\/types\/page"}],"author":[{"embeddable":true,"href":"https:\/\/shop.flarm.com\/de\/wp-json\/wp\/v2\/users\/3"}],"replies":[{"embeddable":true,"href":"https:\/\/shop.flarm.com\/de\/wp-json\/wp\/v2\/comments?post=167218"}],"version-history":[{"count":0,"href":"https:\/\/shop.flarm.com\/de\/wp-json\/wp\/v2\/pages\/167218\/revisions"}],"wp:featuredmedia":[{"embeddable":true,"href":"https:\/\/shop.flarm.com\/de\/wp-json\/wp\/v2\/media\/885"}],"wp:attachment":[{"href":"https:\/\/shop.flarm.com\/de\/wp-json\/wp\/v2\/media?parent=167218"}],"curies":[{"name":"wp","href":"https:\/\/api.w.org\/{rel}","templated":true}]}}