{"id":176492,"date":"2024-05-14T15:03:05","date_gmt":"2024-05-14T13:03:05","guid":{"rendered":"https:\/\/shop.flarm.com\/?post_type=product&#038;p=176492"},"modified":"2024-05-14T15:05:35","modified_gmt":"2024-05-14T13:05:35","slug":"ads-l-out","status":"publish","type":"product","link":"https:\/\/shop.flarm.com\/de\/shop\/ads-l-out\/","title":{"rendered":"ADS-L Out"},"content":{"rendered":"<p>Diese Funktion erm\u00f6glicht die \u00dcbertragung von ADS-L-Signalen im M-Band. ADS-L ist eines der Mittel zur Einhaltung der elektronischen Sichtbarkeit gem\u00e4\u00df <a href=\"https:\/\/www.easa.europa.eu\/en\/document-library\/easy-access-rules\/easy-access-rules-standardised-european-rules-air-sera\">SERA.6005(c)<\/a>. Dies erlaubt dem Flugzeug den Eintritt in den U-Space-Luftraum.<\/p>\n<p>Das Update gilt f\u00fcr die folgenden Produkte: PowerFLARM Core, PowerFLARM Fusion und PowerFLARM Portable.<\/p>\n<p>Installationsanweisungen:<\/p>\n<ul>\n<li>Auf die neueste Firmware aktualisieren. Version 7.24 ist mindestens erforderlich.<\/li>\n<li>Platzieren Sie die Lizenzdatei (.lic) auf einem USB-Stick (Fusion, Core) oder einer SD-Karte (Portable).<\/li>\n<li>In das Ger\u00e4t einstecken. Strom einschalten und warten.<\/li>\n<li>Die Lizenz sollte nach einigen Minuten automatisch installiert werden.<\/li>\n<li>Den USB-Stick \/ die SD-Karte entfernen.<\/li>\n<li>ADS-L ist jetzt aktiviert.<\/li>\n<\/ul>\n","protected":false},"excerpt":{"rendered":"<p>Diese Funktion erm\u00f6glicht die \u00dcbertragung von ADS-L-Signalen im M-Band. ADS-L ist eines der Mittel zur Einhaltung der elektronischen Sichtbarkeit gem\u00e4\u00df SERA.6005(c). Dies erlaubt dem Flugzeug den Eintritt in den U-Space-Luftraum. Das Update gilt f\u00fcr die folgenden Produkte: PowerFLARM Core, PowerFLARM Fusion und PowerFLARM Portable. Installationsanweisungen: Auf die neueste Firmware aktualisieren. Version 7.24 ist mindestens erforderlich. [&hellip;]<\/p>\n","protected":false},"featured_media":176480,"comment_status":"closed","ping_status":"closed","template":"","meta":[],"product_cat":[36],"product_tag":[],"acf":[],"_links":{"self":[{"href":"https:\/\/shop.flarm.com\/de\/wp-json\/wp\/v2\/product\/176492"}],"collection":[{"href":"https:\/\/shop.flarm.com\/de\/wp-json\/wp\/v2\/product"}],"about":[{"href":"https:\/\/shop.flarm.com\/de\/wp-json\/wp\/v2\/types\/product"}],"replies":[{"embeddable":true,"href":"https:\/\/shop.flarm.com\/de\/wp-json\/wp\/v2\/comments?post=176492"}],"wp:featuredmedia":[{"embeddable":true,"href":"https:\/\/shop.flarm.com\/de\/wp-json\/wp\/v2\/media\/176480"}],"wp:attachment":[{"href":"https:\/\/shop.flarm.com\/de\/wp-json\/wp\/v2\/media?parent=176492"}],"wp:term":[{"taxonomy":"product_cat","embeddable":true,"href":"https:\/\/shop.flarm.com\/de\/wp-json\/wp\/v2\/product_cat?post=176492"},{"taxonomy":"product_tag","embeddable":true,"href":"https:\/\/shop.flarm.com\/de\/wp-json\/wp\/v2\/product_tag?post=176492"}],"curies":[{"name":"wp","href":"https:\/\/api.w.org\/{rel}","templated":true}]}}