{"id":177877,"date":"2025-12-04T10:05:32","date_gmt":"2025-12-04T09:05:32","guid":{"rendered":"https:\/\/shop.flarm.com\/?post_type=product&#038;p=177877"},"modified":"2025-12-04T10:47:22","modified_gmt":"2025-12-04T09:47:22","slug":"hindernisdatenbank-alpen-2026","status":"publish","type":"product","link":"https:\/\/shop.flarm.com\/de\/shop\/hindernisdatenbank-alpen-2026\/","title":{"rendered":"Hindernisdatenbank Alpen 2026"},"content":{"rendered":"<p class=\"m_-7307203850325397612MsoPlainText gmail_msg\">Mit der Hindernisdatenbanklizenz ausger\u00fcstet, warnt FLARM vor Kollisionen mit festen Hindernissen wie Seilbahnen, Stromleitungen oder Antennen, sofern diese darin gespeichert sind.<\/p>\n<p>Diese Datenbank f\u00fcr die europ\u00e4ische Alpenregion umfasst Hindernisse in der Schweiz, Deutschland, \u00d6sterreich, Italien, Frankreich und Slowenien.<\/p>\n<p><strong>Hinweis: Einige Stromleitungen in flachen Regionen sind in nicht der Datenbank enthalten. <\/strong>Nur eine Datenbank kann jeweils im Ger\u00e4t gespeichert werden, und nur eine einzige Hindernisdatei darf auf dem SD-Karten\/USB-Stick Speichermedium enthalten sein, wenn mit einem FLARM-Ger\u00e4t verbunden. Sichern Sie allf\u00e4llige Flugaufzeichnungen vor dem Hindernisdatenbank-Upload. Die Datenbank ist lizenziert und nutzbar bis einem bestimmten Zeitpunkt (bei dieser Datenbank 31. M\u00e4rz 2027), danach erfolgt ein Warnhinweis beim Aufstarten.<\/p>\n<p>Stellen Sie sicher, dass die Firmware auf die neueste Version aktualisiert wurde, bevor Sie die Hindernisdatenbank aktualisieren.<\/p>\n<p class=\"m_-7307203850325397612MsoPlainText gmail_msg\">Die Nutzung erfolgt unter eigener Verantwortung, FLARM Technology \u00fcbernimmt keine Haftung, die Endnutzerlizenzvereinbarung ist anwendbar, siehe <a class=\"gmail_msg\" href=\"https:\/\/shop.flarm.com\/de\/eula\/\" target=\"_blank\" rel=\"noopener noreferrer\" data-saferedirecturl=\"https:\/\/www.google.com\/url?q=http:\/\/flarm.com\/eula&amp;source=gmail&amp;ust=1481885442729000&amp;usg=AFQjCNHmEJIq8PckCOC2HOr717yYyktKTg\">https:\/\/flarm.com\/eula<\/a>.<\/p>\n<p class=\"m_-7307203850325397612MsoPlainText gmail_msg\">Die untenstehende interaktive Karte zeigt die in der aktuell angebotenen Datenbank enthaltenen Hindernisse.<\/p>\n<p class=\"m_-7307203850325397612MsoPlainText gmail_msg\"><div id=\"flarm-obst-map\"><\/div><script defer src=\"https:\/\/maps.googleapis.com\/maps\/api\/js?key=AIzaSyDYtUmEU9pFcpGlYF02YENRbqva9Ikl6J8&callback=initMap\"><\/script><\/p>\n","protected":false},"excerpt":{"rendered":"<p>Mit der Hindernisdatenbanklizenz ausger\u00fcstet, warnt FLARM vor Kollisionen mit festen Hindernissen wie Seilbahnen, Stromleitungen oder Antennen, sofern diese darin gespeichert sind. Diese Datenbank f\u00fcr die europ\u00e4ische Alpenregion umfasst Hindernisse in der Schweiz, Deutschland, \u00d6sterreich, Italien, Frankreich und Slowenien. Hinweis: Einige Stromleitungen in flachen Regionen sind in nicht der Datenbank enthalten. Nur eine Datenbank kann jeweils [&hellip;]<\/p>\n","protected":false},"featured_media":178302,"comment_status":"closed","ping_status":"closed","template":"","meta":[],"product_cat":[37],"product_tag":[],"acf":[],"_links":{"self":[{"href":"https:\/\/shop.flarm.com\/de\/wp-json\/wp\/v2\/product\/177877"}],"collection":[{"href":"https:\/\/shop.flarm.com\/de\/wp-json\/wp\/v2\/product"}],"about":[{"href":"https:\/\/shop.flarm.com\/de\/wp-json\/wp\/v2\/types\/product"}],"replies":[{"embeddable":true,"href":"https:\/\/shop.flarm.com\/de\/wp-json\/wp\/v2\/comments?post=177877"}],"wp:featuredmedia":[{"embeddable":true,"href":"https:\/\/shop.flarm.com\/de\/wp-json\/wp\/v2\/media\/178302"}],"wp:attachment":[{"href":"https:\/\/shop.flarm.com\/de\/wp-json\/wp\/v2\/media?parent=177877"}],"wp:term":[{"taxonomy":"product_cat","embeddable":true,"href":"https:\/\/shop.flarm.com\/de\/wp-json\/wp\/v2\/product_cat?post=177877"},{"taxonomy":"product_tag","embeddable":true,"href":"https:\/\/shop.flarm.com\/de\/wp-json\/wp\/v2\/product_tag?post=177877"}],"curies":[{"name":"wp","href":"https:\/\/api.w.org\/{rel}","templated":true}]}}